{"id":22,"date":"2020-08-31T15:18:54","date_gmt":"2020-08-31T13:18:54","guid":{"rendered":"http:\/\/romualdtual.fr\/?page_id=22"},"modified":"2023-03-21T16:29:04","modified_gmt":"2023-03-21T15:29:04","slug":"home","status":"publish","type":"page","link":"https:\/\/romualdtual.fr\/","title":{"rendered":"Accueil"},"content":{"rendered":"\t\t<div data-elementor-type=\"wp-page\" data-elementor-id=\"22\" class=\"elementor elementor-22\">\n\t\t\t\t\t\t<section class=\"elementor-section elementor-top-section elementor-element elementor-element-725c67b0 elementor-section-boxed elementor-section-height-default elementor-section-height-default\" data-id=\"725c67b0\" data-element_type=\"section\">\n\t\t\t\t\t\t<div class=\"elementor-container elementor-column-gap-default\">\n\t\t\t\t\t<div class=\"elementor-column elementor-col-100 elementor-top-column elementor-element elementor-element-2009dde8\" data-id=\"2009dde8\" data-element_type=\"column\">\n\t\t\t<div class=\"elementor-widget-wrap elementor-element-populated\">\n\t\t\t\t\t\t<div class=\"elementor-element elementor-element-29f34a87 elementor-widget elementor-widget-text-editor\" data-id=\"29f34a87\" data-element_type=\"widget\" data-widget_type=\"text-editor.default\">\n\t\t\t\t<div class=\"elementor-widget-container\">\n\t\t\t\t\t\t\t\t\t<p style=\"text-align: center;\"><strong>Mots<\/strong><br \/><em>Cr\u00e9ation, couleurs, sonores, \u00e9metteur, r\u00e9cepteur, enseignement, musique, deejing, mixage, \u00e9lectro, num\u00e9rique, geste, \u00e9lectroacoustique, installations, \u00e9motions, jeux, sc\u00e8ne, studio, design sonore, cin\u00e9-concert, performance, \u00e9changes, paysages, pulsation, temps, interface, synth\u00e8se, techno, ambient.<\/em><\/p><p style=\"text-align: center;\"><strong>Alias<\/strong><br \/><em>ro3, 703, rom, r\u00f6m, dj rom, Uzul.<\/em><\/p>\t\t\t\t\t\t\t\t<\/div>\n\t\t\t\t<\/div>\n\t\t\t\t\t<\/div>\n\t\t<\/div>\n\t\t\t\t\t<\/div>\n\t\t<\/section>\n\t\t\t\t<section class=\"elementor-section elementor-top-section elementor-element elementor-element-73e2ee3 elementor-section-boxed elementor-section-height-default elementor-section-height-default\" data-id=\"73e2ee3\" data-element_type=\"section\">\n\t\t\t\t\t\t<div class=\"elementor-container elementor-column-gap-default\">\n\t\t\t\t\t<div class=\"elementor-column elementor-col-100 elementor-top-column elementor-element elementor-element-27b34ec\" data-id=\"27b34ec\" data-element_type=\"column\">\n\t\t\t<div class=\"elementor-widget-wrap elementor-element-populated\">\n\t\t\t\t\t\t<div class=\"elementor-element elementor-element-cb44121 elementor-widget elementor-widget-wp-widget-recent-posts\" data-id=\"cb44121\" data-element_type=\"widget\" data-widget_type=\"wp-widget-recent-posts.default\">\n\t\t\t\t<div class=\"elementor-widget-container\">\n\t\t\t\t\t\n\t\t\n\t\t<h5>Articles r\u00e9cents<\/h5>\n\t\t<ul>\n\t\t\t\t\t\t\t\t\t\t\t<li>\n\t\t\t\t\t<a href=\"https:\/\/romualdtual.fr\/?p=624\">Entrainement Live sur iPad<\/a>\n\t\t\t\t\t\t\t\t\t<\/li>\n\t\t\t\t\t<\/ul>\n\n\t\t\t\t\t\t<\/div>\n\t\t\t\t<\/div>\n\t\t\t\t\t<\/div>\n\t\t<\/div>\n\t\t\t\t\t<\/div>\n\t\t<\/section>\n\t\t\t\t<section class=\"elementor-section elementor-top-section elementor-element elementor-element-7422466 elementor-section-boxed elementor-section-height-default elementor-section-height-default\" data-id=\"7422466\" data-element_type=\"section\">\n\t\t\t\t\t\t<div class=\"elementor-container elementor-column-gap-default\">\n\t\t\t\t\t<div class=\"elementor-column elementor-col-100 elementor-top-column elementor-element elementor-element-14cf5cb\" data-id=\"14cf5cb\" data-element_type=\"column\">\n\t\t\t<div class=\"elementor-widget-wrap elementor-element-populated\">\n\t\t\t\t\t\t<div class=\"elementor-element elementor-element-724beb9 elementor-widget elementor-widget-wp-widget-categories\" data-id=\"724beb9\" data-element_type=\"widget\" data-widget_type=\"wp-widget-categories.default\">\n\t\t\t\t<div class=\"elementor-widget-container\">\n\t\t\t\t\t<h5>Cat\u00e9gories<\/h5>\n\t\t\t<ul>\n\t\t\t\t\t<li class=\"cat-item cat-item-2\"><a href=\"https:\/\/romualdtual.fr\/?cat=2\">Musique<\/a>\n<\/li>\n\t\t\t<\/ul>\n\n\t\t\t\t\t\t\t<\/div>\n\t\t\t\t<\/div>\n\t\t\t\t\t<\/div>\n\t\t<\/div>\n\t\t\t\t\t<\/div>\n\t\t<\/section>\n\t\t\t\t<\/div>\n\t\t","protected":false},"excerpt":{"rendered":"<p>MotsCr\u00e9ation, couleurs, sonores, \u00e9metteur, r\u00e9cepteur, enseignement, musique, deejing, mixage, \u00e9lectro, num\u00e9rique, geste, \u00e9lectroacoustique, installations, \u00e9motions, jeux, sc\u00e8ne, studio, design sonore, cin\u00e9-concert, performance, \u00e9changes, paysages, pulsation, temps, interface, synth\u00e8se, techno, ambient.<a href=\"https:\/\/romualdtual.fr\/\" class=\"more-link\"><span class=\"readmore\">Continue reading<span class=\"screen-reader-text\">Accueil<\/span><\/span><\/a><\/p>\n","protected":false},"author":1,"featured_media":0,"parent":0,"menu_order":1,"comment_status":"closed","ping_status":"closed","template":"ultp_page_template","meta":{"_coblocks_attr":"","_coblocks_dimensions":"","_coblocks_responsive_height":"","_coblocks_accordion_ie_support":"","_uag_custom_page_level_css":"","advgb_blocks_editor_width":"","advgb_blocks_columns_visual_guide":"","footnotes":""},"class_list":["post-22","page","type-page","status-publish","hentry"],"featured_image_urls_v2":{"full":"","thumbnail":"","medium":"","medium_large":"","large":"","1536x1536":"","2048x2048":"","ab-block-post-grid-landscape":"","ab-block-post-grid-square":"","ect-jetpack-portfolio-featured":"","ect-featured-content":"","ect-service":"","ultp_layout_landscape_large":"","ultp_layout_landscape":"","ultp_layout_portrait":"","ultp_layout_square":"","post-thumbnail":"","my-music-band-archive-top":"","my-music-band-hero":"","my-music-band-featured":"","my-music-band-slider":"","my-music-band-testimonial":"","jetpack-portfolio-admin-thumb":"","featured-content-admin-thumb":"","service-admin-thumb":""},"post_excerpt_stackable_v2":"<p>MotsCr\u00e9ation, couleurs, sonores, \u00e9metteur, r\u00e9cepteur, enseignement, musique, deejing, mixage, \u00e9lectro, num\u00e9rique, geste, \u00e9lectroacoustique, installations, \u00e9motions, jeux, sc\u00e8ne, studio, design sonore, cin\u00e9-concert, performance, \u00e9changes, paysages, pulsation, temps, interface, synth\u00e8se, techno, ambient.Aliasro3, 703, rom, r\u00f6m, dj rom, Uzul. Articles r\u00e9cents Entrainement Live sur iPad Cat\u00e9gories Musique<\/p>\n","category_list_v2":"","author_info_v2":{"name":"Ro3","url":"https:\/\/romualdtual.fr\/?author=1"},"comments_num_v2":"0 commentaire","yoast_head":"<!-- This site is optimized with the Yoast SEO plugin v26.4 - https:\/\/yoast.com\/wordpress\/plugins\/seo\/ -->\n<title>Accueil - Romuald Tual electronic musician<\/title>\n<meta name=\"description\" content=\"Site de Romuald Tual alias : ro3, 703, dj rom - Sound maker, Dj, musicien \u00e9lectronique et enseignant - Nantes, France\" \/>\n<meta name=\"robots\" content=\"index, follow, max-snippet:-1, max-image-preview:large, max-video-preview:-1\" \/>\n<link rel=\"canonical\" href=\"https:\/\/romualdtual.fr\/\" \/>\n<meta property=\"og:locale\" content=\"fr_FR\" \/>\n<meta property=\"og:type\" content=\"article\" \/>\n<meta property=\"og:title\" content=\"Accueil - Romuald Tual electronic musician\" \/>\n<meta property=\"og:description\" content=\"Site de Romuald Tual alias : ro3, 703, dj rom - Sound maker, Dj, musicien \u00e9lectronique et enseignant - Nantes, France\" \/>\n<meta property=\"og:url\" content=\"https:\/\/romualdtual.fr\/\" \/>\n<meta property=\"og:site_name\" content=\"Romuald Tual\" \/>\n<meta property=\"article:modified_time\" content=\"2023-03-21T15:29:04+00:00\" \/>\n<meta name=\"twitter:card\" content=\"summary_large_image\" \/>\n<meta name=\"twitter:label1\" content=\"Dur\u00e9e de lecture estim\u00e9e\" \/>\n\t<meta name=\"twitter:data1\" content=\"1 minute\" \/>\n<script type=\"application\/ld+json\" class=\"yoast-schema-graph\">{\"@context\":\"https:\/\/schema.org\",\"@graph\":[{\"@type\":\"WebPage\",\"@id\":\"https:\/\/romualdtual.fr\/\",\"url\":\"https:\/\/romualdtual.fr\/\",\"name\":\"Accueil - Romuald Tual electronic musician\",\"isPartOf\":{\"@id\":\"https:\/\/romualdtual.fr\/#website\"},\"datePublished\":\"2020-08-31T13:18:54+00:00\",\"dateModified\":\"2023-03-21T15:29:04+00:00\",\"description\":\"Site de Romuald Tual alias : ro3, 703, dj rom - Sound maker, Dj, musicien \u00e9lectronique et enseignant - Nantes, France\",\"breadcrumb\":{\"@id\":\"https:\/\/romualdtual.fr\/#breadcrumb\"},\"inLanguage\":\"fr-FR\",\"potentialAction\":[{\"@type\":\"ReadAction\",\"target\":[\"https:\/\/romualdtual.fr\/\"]}]},{\"@type\":\"BreadcrumbList\",\"@id\":\"https:\/\/romualdtual.fr\/#breadcrumb\",\"itemListElement\":[{\"@type\":\"ListItem\",\"position\":1,\"name\":\"Accueil\",\"item\":\"https:\/\/romualdtual.fr\/\"},{\"@type\":\"ListItem\",\"position\":2,\"name\":\"Accueil\"}]},{\"@type\":\"WebSite\",\"@id\":\"https:\/\/romualdtual.fr\/#website\",\"url\":\"https:\/\/romualdtual.fr\/\",\"name\":\"Romuald Tual\",\"description\":\"Sound maker\",\"publisher\":{\"@id\":\"https:\/\/romualdtual.fr\/#\/schema\/person\/4c373ce6a9c115aabae215a2f314b53f\"},\"potentialAction\":[{\"@type\":\"SearchAction\",\"target\":{\"@type\":\"EntryPoint\",\"urlTemplate\":\"https:\/\/romualdtual.fr\/?s={search_term_string}\"},\"query-input\":{\"@type\":\"PropertyValueSpecification\",\"valueRequired\":true,\"valueName\":\"search_term_string\"}}],\"inLanguage\":\"fr-FR\"},{\"@type\":[\"Person\",\"Organization\"],\"@id\":\"https:\/\/romualdtual.fr\/#\/schema\/person\/4c373ce6a9c115aabae215a2f314b53f\",\"name\":\"Ro3\",\"logo\":{\"@id\":\"https:\/\/romualdtual.fr\/#\/schema\/person\/image\/\"}}]}<\/script>\n<!-- \/ Yoast SEO plugin. -->","yoast_head_json":{"title":"Accueil - Romuald Tual electronic musician","description":"Site de Romuald Tual alias : ro3, 703, dj rom - Sound maker, Dj, musicien \u00e9lectronique et enseignant - Nantes, France","robots":{"index":"index","follow":"follow","max-snippet":"max-snippet:-1","max-image-preview":"max-image-preview:large","max-video-preview":"max-video-preview:-1"},"canonical":"https:\/\/romualdtual.fr\/","og_locale":"fr_FR","og_type":"article","og_title":"Accueil - Romuald Tual electronic musician","og_description":"Site de Romuald Tual alias : ro3, 703, dj rom - Sound maker, Dj, musicien \u00e9lectronique et enseignant - Nantes, France","og_url":"https:\/\/romualdtual.fr\/","og_site_name":"Romuald Tual","article_modified_time":"2023-03-21T15:29:04+00:00","twitter_card":"summary_large_image","twitter_misc":{"Dur\u00e9e de lecture estim\u00e9e":"1 minute"},"schema":{"@context":"https:\/\/schema.org","@graph":[{"@type":"WebPage","@id":"https:\/\/romualdtual.fr\/","url":"https:\/\/romualdtual.fr\/","name":"Accueil - Romuald Tual electronic musician","isPartOf":{"@id":"https:\/\/romualdtual.fr\/#website"},"datePublished":"2020-08-31T13:18:54+00:00","dateModified":"2023-03-21T15:29:04+00:00","description":"Site de Romuald Tual alias : ro3, 703, dj rom - Sound maker, Dj, musicien \u00e9lectronique et enseignant - Nantes, France","breadcrumb":{"@id":"https:\/\/romualdtual.fr\/#breadcrumb"},"inLanguage":"fr-FR","potentialAction":[{"@type":"ReadAction","target":["https:\/\/romualdtual.fr\/"]}]},{"@type":"BreadcrumbList","@id":"https:\/\/romualdtual.fr\/#breadcrumb","itemListElement":[{"@type":"ListItem","position":1,"name":"Accueil","item":"https:\/\/romualdtual.fr\/"},{"@type":"ListItem","position":2,"name":"Accueil"}]},{"@type":"WebSite","@id":"https:\/\/romualdtual.fr\/#website","url":"https:\/\/romualdtual.fr\/","name":"Romuald Tual","description":"Sound maker","publisher":{"@id":"https:\/\/romualdtual.fr\/#\/schema\/person\/4c373ce6a9c115aabae215a2f314b53f"},"potentialAction":[{"@type":"SearchAction","target":{"@type":"EntryPoint","urlTemplate":"https:\/\/romualdtual.fr\/?s={search_term_string}"},"query-input":{"@type":"PropertyValueSpecification","valueRequired":true,"valueName":"search_term_string"}}],"inLanguage":"fr-FR"},{"@type":["Person","Organization"],"@id":"https:\/\/romualdtual.fr\/#\/schema\/person\/4c373ce6a9c115aabae215a2f314b53f","name":"Ro3","logo":{"@id":"https:\/\/romualdtual.fr\/#\/schema\/person\/image\/"}}]}},"featured_image_src":null,"featured_image_src_square":null,"pbg_featured_image_src":{"full":false,"thumbnail":false,"medium":false,"medium_large":false,"large":false,"1536x1536":false,"2048x2048":false,"ab-block-post-grid-landscape":false,"ab-block-post-grid-square":false,"ect-jetpack-portfolio-featured":false,"ect-featured-content":false,"ect-service":false,"ultp_layout_landscape_large":false,"ultp_layout_landscape":false,"ultp_layout_portrait":false,"ultp_layout_square":false,"post-thumbnail":false,"my-music-band-archive-top":false,"my-music-band-hero":false,"my-music-band-featured":false,"my-music-band-slider":false,"my-music-band-testimonial":false,"jetpack-portfolio-admin-thumb":false,"featured-content-admin-thumb":false,"service-admin-thumb":false},"pbg_author_info":{"display_name":"Ro3","author_link":"https:\/\/romualdtual.fr\/?author=1","author_img":false},"pbg_comment_info":" No Comments","pbg_excerpt":"MotsCr\u00e9ation, couleurs, sonores, \u00e9metteur, r\u00e9cepteur, enseignement, musique, deejing, mixage, \u00e9lectro, num\u00e9rique, geste, \u00e9lectroacoustique, installations, \u00e9motions, jeux, sc\u00e8ne, studio, design sonore, cin\u00e9-concert, performance, \u00e9changes, paysages, pulsation, temps, interface, synth\u00e8se, techno, ambient.Continue readingAccueil","uagb_featured_image_src":{"full":false,"thumbnail":false,"medium":false,"medium_large":false,"large":false,"1536x1536":false,"2048x2048":false,"ab-block-post-grid-landscape":false,"ab-block-post-grid-square":false,"ect-jetpack-portfolio-featured":false,"ect-featured-content":false,"ect-service":false,"ultp_layout_landscape_large":false,"ultp_layout_landscape":false,"ultp_layout_portrait":false,"ultp_layout_square":false,"post-thumbnail":false,"my-music-band-archive-top":false,"my-music-band-hero":false,"my-music-band-featured":false,"my-music-band-slider":false,"my-music-band-testimonial":false,"jetpack-portfolio-admin-thumb":false,"featured-content-admin-thumb":false,"service-admin-thumb":false},"uagb_author_info":{"display_name":"Ro3","author_link":"https:\/\/romualdtual.fr\/?author=1"},"uagb_comment_info":0,"uagb_excerpt":"MotsCr\u00e9ation, couleurs, sonores, \u00e9metteur, r\u00e9cepteur, enseignement, musique, deejing, mixage, \u00e9lectro, num\u00e9rique, geste, \u00e9lectroacoustique, installations, \u00e9motions, jeux, sc\u00e8ne, studio, design sonore, cin\u00e9-concert, performance, \u00e9changes, paysages, pulsation, temps, interface, synth\u00e8se, techno, ambient.Continue readingAccueil","coauthors":[],"author_meta":{"author_link":"https:\/\/romualdtual.fr\/?author=1","display_name":"Ro3"},"relative_dates":{"created":"Publi\u00e9 6 ans il y a","modified":"Mis \u00e0 jour 3 ans il y a"},"absolute_dates":{"created":"Publi\u00e9 le 2020-08-31","modified":"Mise \u00e0 jour le 2023-03-21"},"absolute_dates_time":{"created":"Publi\u00e9 le 2020-08-31 15:18","modified":"Mise \u00e0 jour le 2023-03-21 16:29"},"featured_img_caption":"","featured_img":false,"series_order":"","_links":{"self":[{"href":"https:\/\/romualdtual.fr\/index.php?rest_route=\/wp\/v2\/pages\/22","targetHints":{"allow":["GET"]}}],"collection":[{"href":"https:\/\/romualdtual.fr\/index.php?rest_route=\/wp\/v2\/pages"}],"about":[{"href":"https:\/\/romualdtual.fr\/index.php?rest_route=\/wp\/v2\/types\/page"}],"author":[{"embeddable":true,"href":"https:\/\/romualdtual.fr\/index.php?rest_route=\/wp\/v2\/users\/1"}],"replies":[{"embeddable":true,"href":"https:\/\/romualdtual.fr\/index.php?rest_route=%2Fwp%2Fv2%2Fcomments&post=22"}],"version-history":[{"count":64,"href":"https:\/\/romualdtual.fr\/index.php?rest_route=\/wp\/v2\/pages\/22\/revisions"}],"predecessor-version":[{"id":1036,"href":"https:\/\/romualdtual.fr\/index.php?rest_route=\/wp\/v2\/pages\/22\/revisions\/1036"}],"wp:attachment":[{"href":"https:\/\/romualdtual.fr\/index.php?rest_route=%2Fwp%2Fv2%2Fmedia&parent=22"}],"curies":[{"name":"wp","href":"https:\/\/api.w.org\/{rel}","templated":true}]}}